{"id":9045,"date":"2022-06-30T09:52:10","date_gmt":"2022-06-30T09:52:10","guid":{"rendered":"https:\/\/zewsdemo.com\/seven\/?page_id=9045"},"modified":"2023-08-23T21:32:46","modified_gmt":"2023-08-23T21:32:46","slug":"projects","status":"publish","type":"page","link":"https:\/\/www.sevenarquitectura.com\/en\/projects\/","title":{"rendered":"Projects"},"content":{"rendered":"\t\t<div data-elementor-type=\"wp-page\" data-elementor-id=\"9045\" class=\"elementor elementor-9045 elementor-4610\" data-elementor-post-type=\"page\">\n\t\t\t\t\t\t<section class=\"elementor-section elementor-top-section elementor-element elementor-element-f600624 elementor-section-boxed elementor-section-height-default elementor-section-height-default\" data-id=\"f600624\" data-element_type=\"section\" data-e-type=\"section\">\n\t\t\t\t\t\t<div class=\"elementor-container elementor-column-gap-no\">\n\t\t\t\t\t<div class=\"elementor-column elementor-col-100 elementor-top-column elementor-element elementor-element-67237bd\" data-id=\"67237bd\" data-element_type=\"column\" data-e-type=\"column\">\n\t\t\t<div class=\"elementor-widget-wrap elementor-element-populated\">\n\t\t\t\t\t\t<div class=\"elementor-element elementor-element-3d1bf34 elementor-widget elementor-widget-heading\" data-id=\"3d1bf34\" data-element_type=\"widget\" data-e-type=\"widget\" data-widget_type=\"heading.default\">\n\t\t\t\t<div class=\"elementor-widget-container\">\n\t\t\t\t\t<h2 class=\"elementor-heading-title elementor-size-default\">Recent Projects<\/h2>\t\t\t\t<\/div>\n\t\t\t\t<\/div>\n\t\t\t\t<div class=\"elementor-element elementor-element-145e250 elementor-widget elementor-widget-retirio_elementor_heading\" data-id=\"145e250\" data-element_type=\"widget\" data-e-type=\"widget\" data-widget_type=\"retirio_elementor_heading.default\">\n\t\t\t\t<div class=\"elementor-widget-container\">\n\t\t\t\t\t\n\t\t<div class=\"ova-title\">\n\n\t\t\t\n\t\t\t\t\t\t\t\t\t\t\t\t\t\t<h2 class=\"title\">\n\t\t\t\t\t\t\t\tProjects We Have Developed\t\t\t\t\t\t\t<\/h2>\n\t\t\t\t\t\t\t\n\t\t\t\t\t\t\t<p class=\"description\"> Discover the Projects We&#039;ve Worked On, from Design to Construction and Related Services. <\/p>\n\t\t\t\n\t\t<\/div> \n\t\t\t\t\t\t<\/div>\n\t\t\t\t<\/div>\n\t\t\t\t\t<\/div>\n\t\t<\/div>\n\t\t\t\t\t<\/div>\n\t\t<\/section>\n\t\t\t\t<section class=\"elementor-section elementor-top-section elementor-element elementor-element-8df6be0 elementor-section-full_width elementor-section-height-default elementor-section-height-default\" data-id=\"8df6be0\" data-element_type=\"section\" data-e-type=\"section\">\n\t\t\t\t\t\t<div class=\"elementor-container elementor-column-gap-default\">\n\t\t\t\t\t<div class=\"elementor-column elementor-col-100 elementor-top-column elementor-element elementor-element-67a776a\" data-id=\"67a776a\" data-element_type=\"column\" data-e-type=\"column\">\n\t\t\t<div class=\"elementor-widget-wrap elementor-element-populated\">\n\t\t\t\t\t\t<div class=\"elementor-element elementor-element-d84766f elementor-widget elementor-widget-ova_elementor_project_filter_2\" data-id=\"d84766f\" data-element_type=\"widget\" data-e-type=\"widget\" data-widget_type=\"ova_elementor_project_filter_2.default\">\n\t\t\t\t<div class=\"elementor-widget-container\">\n\t\t\t\t\t\n\n<div class=\"ova-project project-filter-2\">\n\n        <!--  -->\n\n                    <ul class=\"project-filter-button-wrapper\">\n\n                <li class=\"project-filter-button active-category\" data-filter=\"*\">\n                    All                <\/li>\n\n                \n            <\/ul>    \n         \n          \n        <div class=\"project-item-filter-2\" \n            data-count      = \"25\" \n            data-orderby    = \"post_date\"\n            data-order      = \"DESC\"\n            data-offset     = \"0\"\n            data-show_link  = \"yes\"\n            >\n            \n        <\/div>\n        <div class=\"wrap_loader\">\n            <svg class=\"loader\" width=\"50\" height=\"50\">\n                <circle cx=\"25\" cy=\"25\" r=\"10\" \/>\n                <circle cx=\"25\" cy=\"25\" r=\"20\" \/>\n            <\/svg>\n        <\/div>\n        <div class=\"ova-nodata\">\n           <h4>no data<\/h4>\n        <\/div>\n \n<\/div>\t\t\t\t<\/div>\n\t\t\t\t<\/div>\n\t\t\t\t\t<\/div>\n\t\t<\/div>\n\t\t\t\t\t<\/div>\n\t\t<\/section>\n\t\t\t\t<\/div>\n\t\t","protected":false},"excerpt":{"rendered":"<p>Recent Projects Projects We Have Developed Discover the Projects We&#039;ve Worked On, from Design to Construction and Related Services. All no data<\/p>\n","protected":false},"author":1,"featured_media":8669,"parent":0,"menu_order":0,"comment_status":"closed","ping_status":"closed","template":"elementor_header_footer","meta":{"footnotes":""},"class_list":["post-9045","page","type-page","status-publish","has-post-thumbnail","hentry"],"yoast_head":"<!-- This site is optimized with the Yoast SEO Premium plugin v26.7 (Yoast SEO v27.1.1) - https:\/\/yoast.com\/product\/yoast-seo-premium-wordpress\/ -->\n<title>Architectural projects in Costa Rica - Seven Arquitectura<\/title>\n<meta name=\"description\" content=\"Discover the architectural projects We&#039;ve Worked On, from Design to Construction and Related Services. | Seven Arquitectura\" \/>\n<meta name=\"robots\" content=\"index, follow, max-snippet:-1, max-image-preview:large, max-video-preview:-1\" \/>\n<link rel=\"canonical\" href=\"https:\/\/www.sevenarquitectura.com\/proyectos\/\" \/>\n<meta property=\"og:locale\" content=\"en_US\" \/>\n<meta property=\"og:type\" content=\"article\" \/>\n<meta property=\"og:title\" content=\"Projects\" \/>\n<meta property=\"og:description\" content=\"Discover the architectural projects We&#039;ve Worked On, from Design to Construction and Related Services. | Seven Arquitectura\" \/>\n<meta property=\"og:url\" content=\"https:\/\/www.sevenarquitectura.com\/proyectos\/\" \/>\n<meta property=\"og:site_name\" content=\"Seven Arquitectura\" \/>\n<meta property=\"article:modified_time\" content=\"2023-08-23T21:32:46+00:00\" \/>\n<meta property=\"og:image\" content=\"https:\/\/www.sevenarquitectura.com\/wp-content\/uploads\/2023\/07\/proyecto-alfa-11.webp\" \/>\n\t<meta property=\"og:image:width\" content=\"1200\" \/>\n\t<meta property=\"og:image:height\" content=\"675\" \/>\n\t<meta property=\"og:image:type\" content=\"image\/webp\" \/>\n<meta name=\"twitter:card\" content=\"summary_large_image\" \/>\n<meta name=\"twitter:label1\" content=\"Est. reading time\" \/>\n\t<meta name=\"twitter:data1\" content=\"6 minutes\" \/>\n<script type=\"application\/ld+json\" class=\"yoast-schema-graph\">{\"@context\":\"https:\/\/schema.org\",\"@graph\":[{\"@type\":\"WebPage\",\"@id\":\"https:\/\/www.sevenarquitectura.com\/proyectos\/\",\"url\":\"https:\/\/www.sevenarquitectura.com\/proyectos\/\",\"name\":\"Architectural projects in Costa Rica - Seven Arquitectura\",\"isPartOf\":{\"@id\":\"https:\/\/www.sevenarquitectura.com\/#website\"},\"primaryImageOfPage\":{\"@id\":\"https:\/\/www.sevenarquitectura.com\/proyectos\/#primaryimage\"},\"image\":{\"@id\":\"https:\/\/www.sevenarquitectura.com\/proyectos\/#primaryimage\"},\"thumbnailUrl\":\"https:\/\/www.sevenarquitectura.com\/wp-content\/uploads\/2023\/07\/proyecto-alfa-11.webp\",\"datePublished\":\"2022-06-30T09:52:10+00:00\",\"dateModified\":\"2023-08-23T21:32:46+00:00\",\"description\":\"Discover the architectural projects We've Worked On, from Design to Construction and Related Services. | Seven Arquitectura\",\"breadcrumb\":{\"@id\":\"https:\/\/www.sevenarquitectura.com\/proyectos\/#breadcrumb\"},\"inLanguage\":\"en-US\",\"potentialAction\":[{\"@type\":\"ReadAction\",\"target\":[\"https:\/\/www.sevenarquitectura.com\/proyectos\/\"]}]},{\"@type\":\"ImageObject\",\"inLanguage\":\"en-US\",\"@id\":\"https:\/\/www.sevenarquitectura.com\/proyectos\/#primaryimage\",\"url\":\"https:\/\/www.sevenarquitectura.com\/wp-content\/uploads\/2023\/07\/proyecto-alfa-11.webp\",\"contentUrl\":\"https:\/\/www.sevenarquitectura.com\/wp-content\/uploads\/2023\/07\/proyecto-alfa-11.webp\",\"width\":1200,\"height\":675,\"caption\":\"Architectural projects\"},{\"@type\":\"BreadcrumbList\",\"@id\":\"https:\/\/www.sevenarquitectura.com\/proyectos\/#breadcrumb\",\"itemListElement\":[{\"@type\":\"ListItem\",\"position\":1,\"name\":\"Portada\",\"item\":\"https:\/\/www.sevenarquitectura.com\/en\/\"},{\"@type\":\"ListItem\",\"position\":2,\"name\":\"Projects\"}]},{\"@type\":\"WebSite\",\"@id\":\"https:\/\/www.sevenarquitectura.com\/#website\",\"url\":\"https:\/\/www.sevenarquitectura.com\/\",\"name\":\"Seven Arquitectura\",\"description\":\"Somos una empresa con amplia experiencia. Desde el 2018 nos dedicamos al dise\u00f1o y construcci\u00f3n de proyectos arquitect\u00f3nicos innovadores y funcionales.\",\"publisher\":{\"@id\":\"https:\/\/www.sevenarquitectura.com\/#organization\"},\"potentialAction\":[{\"@type\":\"SearchAction\",\"target\":{\"@type\":\"EntryPoint\",\"urlTemplate\":\"https:\/\/www.sevenarquitectura.com\/?s={search_term_string}\"},\"query-input\":{\"@type\":\"PropertyValueSpecification\",\"valueRequired\":true,\"valueName\":\"search_term_string\"}}],\"inLanguage\":\"en-US\"},{\"@type\":\"Organization\",\"@id\":\"https:\/\/www.sevenarquitectura.com\/#organization\",\"name\":\"Seven Arquitectura\",\"url\":\"https:\/\/www.sevenarquitectura.com\/\",\"logo\":{\"@type\":\"ImageObject\",\"inLanguage\":\"en-US\",\"@id\":\"https:\/\/www.sevenarquitectura.com\/#\/schema\/logo\/image\/\",\"url\":\"https:\/\/www.sevenarquitectura.com\/wp-content\/uploads\/2023\/05\/LOGO-SEVEN-VECTORIZADO-BLANCO.svg\",\"contentUrl\":\"https:\/\/www.sevenarquitectura.com\/wp-content\/uploads\/2023\/05\/LOGO-SEVEN-VECTORIZADO-BLANCO.svg\",\"caption\":\"Seven Arquitectura\"},\"image\":{\"@id\":\"https:\/\/www.sevenarquitectura.com\/#\/schema\/logo\/image\/\"}}]}<\/script>\n<!-- \/ Yoast SEO Premium plugin. -->","yoast_head_json":{"title":"Architectural projects in Costa Rica - Seven Arquitectura","description":"Discover the architectural projects We've Worked On, from Design to Construction and Related Services. | Seven Arquitectura","robots":{"index":"index","follow":"follow","max-snippet":"max-snippet:-1","max-image-preview":"max-image-preview:large","max-video-preview":"max-video-preview:-1"},"canonical":"https:\/\/www.sevenarquitectura.com\/proyectos\/","og_locale":"en_US","og_type":"article","og_title":"Projects","og_description":"Discover the architectural projects We've Worked On, from Design to Construction and Related Services. | Seven Arquitectura","og_url":"https:\/\/www.sevenarquitectura.com\/proyectos\/","og_site_name":"Seven Arquitectura","article_modified_time":"2023-08-23T21:32:46+00:00","og_image":[{"width":1200,"height":675,"url":"https:\/\/www.sevenarquitectura.com\/wp-content\/uploads\/2023\/07\/proyecto-alfa-11.webp","type":"image\/webp"}],"twitter_card":"summary_large_image","twitter_misc":{"Est. reading time":"6 minutes"},"schema":{"@context":"https:\/\/schema.org","@graph":[{"@type":"WebPage","@id":"https:\/\/www.sevenarquitectura.com\/proyectos\/","url":"https:\/\/www.sevenarquitectura.com\/proyectos\/","name":"Architectural projects in Costa Rica - Seven Arquitectura","isPartOf":{"@id":"https:\/\/www.sevenarquitectura.com\/#website"},"primaryImageOfPage":{"@id":"https:\/\/www.sevenarquitectura.com\/proyectos\/#primaryimage"},"image":{"@id":"https:\/\/www.sevenarquitectura.com\/proyectos\/#primaryimage"},"thumbnailUrl":"https:\/\/www.sevenarquitectura.com\/wp-content\/uploads\/2023\/07\/proyecto-alfa-11.webp","datePublished":"2022-06-30T09:52:10+00:00","dateModified":"2023-08-23T21:32:46+00:00","description":"Discover the architectural projects We've Worked On, from Design to Construction and Related Services. | Seven Arquitectura","breadcrumb":{"@id":"https:\/\/www.sevenarquitectura.com\/proyectos\/#breadcrumb"},"inLanguage":"en-US","potentialAction":[{"@type":"ReadAction","target":["https:\/\/www.sevenarquitectura.com\/proyectos\/"]}]},{"@type":"ImageObject","inLanguage":"en-US","@id":"https:\/\/www.sevenarquitectura.com\/proyectos\/#primaryimage","url":"https:\/\/www.sevenarquitectura.com\/wp-content\/uploads\/2023\/07\/proyecto-alfa-11.webp","contentUrl":"https:\/\/www.sevenarquitectura.com\/wp-content\/uploads\/2023\/07\/proyecto-alfa-11.webp","width":1200,"height":675,"caption":"Architectural projects"},{"@type":"BreadcrumbList","@id":"https:\/\/www.sevenarquitectura.com\/proyectos\/#breadcrumb","itemListElement":[{"@type":"ListItem","position":1,"name":"Portada","item":"https:\/\/www.sevenarquitectura.com\/en\/"},{"@type":"ListItem","position":2,"name":"Projects"}]},{"@type":"WebSite","@id":"https:\/\/www.sevenarquitectura.com\/#website","url":"https:\/\/www.sevenarquitectura.com\/","name":"Seven Arquitectura","description":"Somos una empresa con amplia experiencia. Desde el 2018 nos dedicamos al dise\u00f1o y construcci\u00f3n de proyectos arquitect\u00f3nicos innovadores y funcionales.","publisher":{"@id":"https:\/\/www.sevenarquitectura.com\/#organization"},"potentialAction":[{"@type":"SearchAction","target":{"@type":"EntryPoint","urlTemplate":"https:\/\/www.sevenarquitectura.com\/?s={search_term_string}"},"query-input":{"@type":"PropertyValueSpecification","valueRequired":true,"valueName":"search_term_string"}}],"inLanguage":"en-US"},{"@type":"Organization","@id":"https:\/\/www.sevenarquitectura.com\/#organization","name":"Seven Arquitectura","url":"https:\/\/www.sevenarquitectura.com\/","logo":{"@type":"ImageObject","inLanguage":"en-US","@id":"https:\/\/www.sevenarquitectura.com\/#\/schema\/logo\/image\/","url":"https:\/\/www.sevenarquitectura.com\/wp-content\/uploads\/2023\/05\/LOGO-SEVEN-VECTORIZADO-BLANCO.svg","contentUrl":"https:\/\/www.sevenarquitectura.com\/wp-content\/uploads\/2023\/05\/LOGO-SEVEN-VECTORIZADO-BLANCO.svg","caption":"Seven Arquitectura"},"image":{"@id":"https:\/\/www.sevenarquitectura.com\/#\/schema\/logo\/image\/"}}]}},"_links":{"self":[{"href":"https:\/\/www.sevenarquitectura.com\/en\/wp-json\/wp\/v2\/pages\/9045","targetHints":{"allow":["GET"]}}],"collection":[{"href":"https:\/\/www.sevenarquitectura.com\/en\/wp-json\/wp\/v2\/pages"}],"about":[{"href":"https:\/\/www.sevenarquitectura.com\/en\/wp-json\/wp\/v2\/types\/page"}],"author":[{"embeddable":true,"href":"https:\/\/www.sevenarquitectura.com\/en\/wp-json\/wp\/v2\/users\/1"}],"replies":[{"embeddable":true,"href":"https:\/\/www.sevenarquitectura.com\/en\/wp-json\/wp\/v2\/comments?post=9045"}],"version-history":[{"count":11,"href":"https:\/\/www.sevenarquitectura.com\/en\/wp-json\/wp\/v2\/pages\/9045\/revisions"}],"predecessor-version":[{"id":10340,"href":"https:\/\/www.sevenarquitectura.com\/en\/wp-json\/wp\/v2\/pages\/9045\/revisions\/10340"}],"wp:featuredmedia":[{"embeddable":true,"href":"https:\/\/www.sevenarquitectura.com\/en\/wp-json\/wp\/v2\/media\/8669"}],"wp:attachment":[{"href":"https:\/\/www.sevenarquitectura.com\/en\/wp-json\/wp\/v2\/media?parent=9045"}],"curies":[{"name":"wp","href":"https:\/\/api.w.org\/{rel}","templated":true}]}}